{"id":378,"date":"2020-10-28T09:51:13","date_gmt":"2020-10-28T08:51:13","guid":{"rendered":"http:\/\/pictric-tools.com\/?page_id=378"},"modified":"2020-12-18T15:37:17","modified_gmt":"2020-12-18T14:37:17","slug":"willkommen","status":"publish","type":"page","link":"https:\/\/pictric-tools.com\/en\/","title":{"rendered":"Welcome"},"content":{"rendered":"<div data-elementor-type=\"wp-page\" data-elementor-id=\"378\" class=\"elementor elementor-378\" data-elementor-settings=\"[]\">\n\t\t\t\t\t\t<div class=\"elementor-inner\">\n\t\t\t\t\t\t\t<div class=\"elementor-section-wrap\">\n\t\t\t\t\t\t\t<section class=\"elementor-section elementor-top-section elementor-element elementor-element-d0f6b03 elementor-section-height-min-height elementor-section-boxed elementor-section-height-default elementor-section-items-middle\" data-id=\"d0f6b03\" data-element_type=\"section\">\n\t\t\t\t\t\t<div class=\"elementor-container elementor-column-gap-default\">\n\t\t\t\t\t\t\t<div class=\"elementor-row\">\n\t\t\t\t\t<div class=\"elementor-column elementor-col-100 elementor-top-column elementor-element elementor-element-3ce2676\" data-id=\"3ce2676\" data-element_type=\"column\">\n\t\t\t<div class=\"elementor-column-wrap elementor-element-populated\">\n\t\t\t\t\t\t\t<div class=\"elementor-widget-wrap\">\n\t\t\t\t\t\t<div class=\"elementor-element elementor-element-1f5befe elementor--h-position-center elementor--v-position-middle elementor-arrows-position-inside elementor-pagination-position-inside elementor-widget elementor-widget-slides\" data-id=\"1f5befe\" data-element_type=\"widget\" data-settings=\"{&quot;navigation&quot;:&quot;both&quot;,&quot;autoplay&quot;:&quot;yes&quot;,&quot;pause_on_hover&quot;:&quot;yes&quot;,&quot;pause_on_interaction&quot;:&quot;yes&quot;,&quot;autoplay_speed&quot;:5000,&quot;infinite&quot;:&quot;yes&quot;,&quot;transition&quot;:&quot;slide&quot;,&quot;transition_speed&quot;:500}\" data-widget_type=\"slides.default\">\n\t\t\t\t<div class=\"elementor-widget-container\">\n\t\t\t\t\t<div class=\"elementor-swiper\">\n\t\t\t<div class=\"elementor-slides-wrapper elementor-main-swiper swiper-container\" dir=\"ltr\" data-animation=\"fadeInUp\">\n\t\t\t\t<div class=\"swiper-wrapper elementor-slides\">\n\t\t\t\t\t<div class=\"elementor-repeater-item-05c6c44 swiper-slide\"><div class=\"swiper-slide-bg\"><\/div><div class=\"swiper-slide-inner\" ><div class=\"swiper-slide-contents\"><div class=\"elementor-slide-heading\">REPARATUR<\/div><div class=\"elementor-slide-description\">The search for the right tool is over<\/div><a href=\"https:\/\/pictric-tools.com\/en\/reparaturwagen\/\" class=\"elementor-button elementor-slide-button elementor-size-sm\">Hier klicken<\/a><\/div><\/div><\/div><div class=\"elementor-repeater-item-4a6d94a swiper-slide\"><div class=\"swiper-slide-bg\"><\/div><div class=\"swiper-slide-inner\" ><div class=\"swiper-slide-contents\"><div class=\"elementor-slide-heading\">Dismantling<\/div><div class=\"elementor-slide-description\">All tools required for dismantling are quickly at hand<\/div><a href=\"https:\/\/pictric-tools.com\/en\/demontagewagen\/\" class=\"elementor-button elementor-slide-button elementor-size-sm\">Hier klicken<\/a><\/div><\/div><\/div><div class=\"elementor-repeater-item-7e34606 swiper-slide\"><div class=\"swiper-slide-bg\"><\/div><div class=\"swiper-slide-inner\" ><div class=\"swiper-slide-contents\"><div class=\"elementor-slide-heading\">CNC<\/div><div class=\"elementor-slide-description\">Milling, turning, drilling and maintaining the machine will be easier than ever<\/div><a href=\"https:\/\/pictric-tools.com\/en\/cnc-wagen\/\" class=\"elementor-button elementor-slide-button elementor-size-sm\">Hier klicken<\/a><\/div><\/div><\/div><div class=\"elementor-repeater-item-8eee732 swiper-slide\"><div class=\"swiper-slide-bg\"><\/div><div class=\"swiper-slide-inner\" ><div class=\"swiper-slide-contents\"><div class=\"elementor-slide-heading\">TISCH<\/div><div class=\"elementor-slide-description\">The height can be adjusted electrically or manually<\/div><a href=\"https:\/\/pictric-tools.com\/en\/tisch\/\" class=\"elementor-button elementor-slide-button elementor-size-sm\">Hier klicken<\/a><\/div><\/div><\/div>\t\t\t\t<\/div>\n\t\t\t\t\t\t\t\t\t\t\t\t\t\t\t<div class=\"swiper-pagination\"><\/div>\n\t\t\t\t\t\t\t\t\t\t\t\t\t\t\t\t<div class=\"elementor-swiper-button elementor-swiper-button-prev\">\n\t\t\t\t\t\t\t<i class=\"eicon-chevron-left\" aria-hidden=\"true\"><\/i>\n\t\t\t\t\t\t\t<span class=\"elementor-screen-only\">Previous<\/span>\n\t\t\t\t\t\t<\/div>\n\t\t\t\t\t\t<div class=\"elementor-swiper-button elementor-swiper-button-next\">\n\t\t\t\t\t\t\t<i class=\"eicon-chevron-right\" aria-hidden=\"true\"><\/i>\n\t\t\t\t\t\t\t<span class=\"elementor-screen-only\">Next<\/span>\n\t\t\t\t\t\t<\/div>\n\t\t\t\t\t\t\t\t\t\t\t\t<\/div>\n\t\t<\/div>\n\t\t\t\t<\/div>\n\t\t\t\t<\/div>\n\t\t\t\t\t\t<\/div>\n\t\t\t\t\t<\/div>\n\t\t<\/div>\n\t\t\t\t\t\t\t\t<\/div>\n\t\t\t\t\t<\/div>\n\t\t<\/section>\n\t\t\t\t\t\t<\/div>\n\t\t\t\t\t\t<\/div>\n\t\t\t\t\t<\/div>","protected":false},"excerpt":{"rendered":"<p>REPARATURDie Suche nach dem passenden Werkzeug hat ein EndeHier klickenDemontageAlle ben\u00f6tigten Werkzeuge zur Demontage schnell griffbereitHier klickenCNCFr\u00e4sen, Drehen, Bohren und die Wartung der Maschine wird einfacher denn jeHier klickenTISCHElektrisch oder manuell in der H\u00f6he zu verstellenHier klicken Voriger N\u00e4chster<\/p>","protected":false},"author":1,"featured_media":0,"parent":0,"menu_order":0,"comment_status":"closed","ping_status":"closed","template":"elementor_header_footer","meta":[],"yoast_head":"<!-- This site is optimized with the Yoast SEO plugin v15.5 - https:\/\/yoast.com\/wordpress\/plugins\/seo\/ -->\n<title>Willkommen - Pictric-Tools<\/title>\n<meta name=\"robots\" content=\"index, follow, max-snippet:-1, max-image-preview:large, max-video-preview:-1\" \/>\n<link rel=\"canonical\" href=\"https:\/\/pictric-tools.com\/en\/\" \/>\n<meta property=\"og:locale\" content=\"en_GB\" \/>\n<meta property=\"og:type\" content=\"article\" \/>\n<meta property=\"og:title\" content=\"Willkommen - Pictric-Tools\" \/>\n<meta property=\"og:description\" content=\"REPARATURDie Suche nach dem passenden Werkzeug hat ein EndeHier klickenDemontageAlle ben\u00f6tigten Werkzeuge zur Demontage schnell griffbereitHier klickenCNCFr\u00e4sen, Drehen, Bohren und die Wartung der Maschine wird einfacher denn jeHier klickenTISCHElektrisch oder manuell in der H\u00f6he zu verstellenHier klicken Voriger N\u00e4chster\" \/>\n<meta property=\"og:url\" content=\"https:\/\/pictric-tools.com\/en\/\" \/>\n<meta property=\"og:site_name\" content=\"Pictric-Tools\" \/>\n<meta property=\"article:modified_time\" content=\"2020-12-18T14:37:17+00:00\" \/>\n<meta name=\"twitter:card\" content=\"summary_large_image\" \/>\n<meta name=\"twitter:label1\" content=\"Estimated reading time\">\n\t<meta name=\"twitter:data1\" content=\"0 minutes\">\n<script type=\"application\/ld+json\" class=\"yoast-schema-graph\">{\"@context\":\"https:\/\/schema.org\",\"@graph\":[{\"@type\":\"Organization\",\"@id\":\"https:\/\/pictric-tools.com\/#organization\",\"name\":\"Pictric-Tools\",\"url\":\"https:\/\/pictric-tools.com\/\",\"sameAs\":[],\"logo\":{\"@type\":\"ImageObject\",\"@id\":\"https:\/\/pictric-tools.com\/#logo\",\"inLanguage\":\"en-GB\",\"url\":\"https:\/\/pictric-tools.com\/wp-content\/uploads\/2020\/10\/PictricClaim_4c_pos_transp.png\",\"width\":3543,\"height\":1064,\"caption\":\"Pictric-Tools\"},\"image\":{\"@id\":\"https:\/\/pictric-tools.com\/#logo\"}},{\"@type\":\"WebSite\",\"@id\":\"https:\/\/pictric-tools.com\/#website\",\"url\":\"https:\/\/pictric-tools.com\/\",\"name\":\"Pictric-Tools\",\"description\":\"\",\"publisher\":{\"@id\":\"https:\/\/pictric-tools.com\/#organization\"},\"potentialAction\":[{\"@type\":\"SearchAction\",\"target\":\"https:\/\/pictric-tools.com\/?s={search_term_string}\",\"query-input\":\"required name=search_term_string\"}],\"inLanguage\":\"en-GB\"},{\"@type\":\"WebPage\",\"@id\":\"https:\/\/pictric-tools.com\/#webpage\",\"url\":\"https:\/\/pictric-tools.com\/\",\"name\":\"Willkommen - Pictric-Tools\",\"isPartOf\":{\"@id\":\"https:\/\/pictric-tools.com\/#website\"},\"datePublished\":\"2020-10-28T08:51:13+00:00\",\"dateModified\":\"2020-12-18T14:37:17+00:00\",\"inLanguage\":\"en-GB\",\"potentialAction\":[{\"@type\":\"ReadAction\",\"target\":[\"https:\/\/pictric-tools.com\/\"]}]}]}<\/script>\n<!-- \/ Yoast SEO plugin. -->","_links":{"self":[{"href":"https:\/\/pictric-tools.com\/en\/wp-json\/wp\/v2\/pages\/378"}],"collection":[{"href":"https:\/\/pictric-tools.com\/en\/wp-json\/wp\/v2\/pages"}],"about":[{"href":"https:\/\/pictric-tools.com\/en\/wp-json\/wp\/v2\/types\/page"}],"author":[{"embeddable":true,"href":"https:\/\/pictric-tools.com\/en\/wp-json\/wp\/v2\/users\/1"}],"replies":[{"embeddable":true,"href":"https:\/\/pictric-tools.com\/en\/wp-json\/wp\/v2\/comments?post=378"}],"version-history":[{"count":71,"href":"https:\/\/pictric-tools.com\/en\/wp-json\/wp\/v2\/pages\/378\/revisions"}],"predecessor-version":[{"id":856,"href":"https:\/\/pictric-tools.com\/en\/wp-json\/wp\/v2\/pages\/378\/revisions\/856"}],"wp:attachment":[{"href":"https:\/\/pictric-tools.com\/en\/wp-json\/wp\/v2\/media?parent=378"}],"curies":[{"name":"wp","href":"https:\/\/api.w.org\/{rel}","templated":true}]}}